{"id":2,"date":"2024-10-13T08:29:59","date_gmt":"2024-10-13T08:29:59","guid":{"rendered":"http:\/\/wetspotceramics.pl\/?page_id=2"},"modified":"2025-08-15T13:52:03","modified_gmt":"2025-08-15T13:52:03","slug":"home","status":"publish","type":"page","link":"https:\/\/wetspotceramics.pl\/","title":{"rendered":"Wet Spot"},"content":{"rendered":"\t\t<div data-elementor-type=\"wp-page\" data-elementor-id=\"2\" class=\"elementor elementor-2\">\n\t\t\t\t<div class=\"elementor-element elementor-element-dc8e5bd e-grid e-con-full e-con e-parent\" data-id=\"dc8e5bd\" data-element_type=\"container\" data-e-type=\"container\">\n\t\t\t\t<div class=\"elementor-element elementor-element-428df69b elementor-widget elementor-widget-text-editor\" data-id=\"428df69b\" data-element_type=\"widget\" data-e-type=\"widget\" data-widget_type=\"text-editor.default\">\n\t\t\t\t<div class=\"elementor-widget-container\">\n\t\t\t\t\t\t\t\t\t<p><\/p>\n<h1>pracownia ceramiczna<\/h1>\n<h2>na Starym Mie\u015bcie w Warszawie<\/h2>\n<p><\/p>\t\t\t\t\t\t\t\t<\/div>\n\t\t\t\t<\/div>\n\t\t\t\t<div class=\"elementor-element elementor-element-8a5ed31 elementor-widget elementor-widget-text-editor\" data-id=\"8a5ed31\" data-element_type=\"widget\" data-e-type=\"widget\" data-widget_type=\"text-editor.default\">\n\t\t\t\t<div class=\"elementor-widget-container\">\n\t\t\t\t\t\t\t\t\t<h3>warsztaty ceramiczne | sklep z ceramik\u0105 | wypa\u0142y komercyjne | przestrze\u0144 kreatywna<\/h3>\t\t\t\t\t\t\t\t<\/div>\n\t\t\t\t<\/div>\n\t\t\t\t<\/div>\n\t\t<div class=\"elementor-element elementor-element-undefined-8a4af1b e-con-full e-flex e-con e-parent\" data-id=\"undefined-8a4af1b\" data-element_type=\"container\" data-e-type=\"container\">\n\t\t\t\t<div class=\"elementor-element elementor-element-bf11442 elementor-arrows-position-inside elementor-pagination-position-outside elementor-widget elementor-widget-image-carousel\" data-id=\"bf11442\" data-element_type=\"widget\" data-e-type=\"widget\" data-settings=\"{&quot;slides_to_show&quot;:&quot;1&quot;,&quot;navigation&quot;:&quot;both&quot;,&quot;autoplay&quot;:&quot;yes&quot;,&quot;pause_on_hover&quot;:&quot;yes&quot;,&quot;pause_on_interaction&quot;:&quot;yes&quot;,&quot;autoplay_speed&quot;:5000,&quot;infinite&quot;:&quot;yes&quot;,&quot;effect&quot;:&quot;slide&quot;,&quot;speed&quot;:500}\" data-widget_type=\"image-carousel.default\">\n\t\t\t\t<div class=\"elementor-widget-container\">\n\t\t\t\t\t\t\t<div class=\"elementor-image-carousel-wrapper swiper\" role=\"region\" aria-roledescription=\"carousel\" aria-label=\"Karuzela obrazk\u00f3w\" dir=\"ltr\">\n\t\t\t<div class=\"elementor-image-carousel swiper-wrapper\" aria-live=\"off\">\n\t\t\t\t\t\t\t\t<div class=\"swiper-slide\" role=\"group\" aria-roledescription=\"slide\" aria-label=\"1 z 4\"><figure class=\"swiper-slide-inner\"><img decoding=\"async\" class=\"swiper-slide-image\" src=\"https:\/\/wetspotceramics.pl\/wp-content\/uploads\/2025\/04\/IMG_0442-768x512.jpg\" alt=\"IMG_0442\" \/><\/figure><\/div><div class=\"swiper-slide\" role=\"group\" aria-roledescription=\"slide\" aria-label=\"2 z 4\"><figure class=\"swiper-slide-inner\"><img decoding=\"async\" class=\"swiper-slide-image\" src=\"https:\/\/wetspotceramics.pl\/wp-content\/uploads\/2025\/04\/IMG_0707-768x512.jpg\" alt=\"IMG_0707\" \/><\/figure><\/div><div class=\"swiper-slide\" role=\"group\" aria-roledescription=\"slide\" aria-label=\"3 z 4\"><figure class=\"swiper-slide-inner\"><img decoding=\"async\" class=\"swiper-slide-image\" src=\"https:\/\/wetspotceramics.pl\/wp-content\/uploads\/2025\/04\/IMG_0695-768x513.jpg\" alt=\"IMG_0695\" \/><\/figure><\/div><div class=\"swiper-slide\" role=\"group\" aria-roledescription=\"slide\" aria-label=\"4 z 4\"><figure class=\"swiper-slide-inner\"><img decoding=\"async\" class=\"swiper-slide-image\" src=\"https:\/\/wetspotceramics.pl\/wp-content\/uploads\/2025\/04\/IMG_0246-768x512.jpg\" alt=\"IMG_0246\" \/><\/figure><\/div>\t\t\t<\/div>\n\t\t\t\t\t\t\t\t\t\t\t\t<div class=\"elementor-swiper-button elementor-swiper-button-prev\" role=\"button\" tabindex=\"0\">\n\t\t\t\t\t\t<svg aria-hidden=\"true\" class=\"e-font-icon-svg e-eicon-chevron-left\" viewBox=\"0 0 1000 1000\" xmlns=\"http:\/\/www.w3.org\/2000\/svg\"><path d=\"M646 125C629 125 613 133 604 142L308 442C296 454 292 471 292 487 292 504 296 521 308 533L604 854C617 867 629 875 646 875 663 875 679 871 692 858 704 846 713 829 713 812 713 796 708 779 692 767L438 487 692 225C700 217 708 204 708 187 708 171 704 154 692 142 675 129 663 125 646 125Z\"><\/path><\/svg>\t\t\t\t\t<\/div>\n\t\t\t\t\t<div class=\"elementor-swiper-button elementor-swiper-button-next\" role=\"button\" tabindex=\"0\">\n\t\t\t\t\t\t<svg aria-hidden=\"true\" class=\"e-font-icon-svg e-eicon-chevron-right\" viewBox=\"0 0 1000 1000\" xmlns=\"http:\/\/www.w3.org\/2000\/svg\"><path d=\"M696 533C708 521 713 504 713 487 713 471 708 454 696 446L400 146C388 133 375 125 354 125 338 125 325 129 313 142 300 154 292 171 292 187 292 204 296 221 308 233L563 492 304 771C292 783 288 800 288 817 288 833 296 850 308 863 321 871 338 875 354 875 371 875 388 867 400 854L696 533Z\"><\/path><\/svg>\t\t\t\t\t<\/div>\n\t\t\t\t\n\t\t\t\t\t\t\t\t\t<div class=\"swiper-pagination\"><\/div>\n\t\t\t\t\t\t\t\t\t<\/div>\n\t\t\t\t\t\t<\/div>\n\t\t\t\t<\/div>\n\t\t\t\t<div class=\"elementor-element elementor-element-3cc33a9 elementor-widget elementor-widget-text-editor\" data-id=\"3cc33a9\" data-element_type=\"widget\" data-e-type=\"widget\" data-widget_type=\"text-editor.default\">\n\t\t\t\t<div class=\"elementor-widget-container\">\n\t\t\t\t\t\t\t\t\t<h5>Hej! Tu Ewa @ekceramic i Nastiia @home_ceramic_ua!<\/h5>\n<p>Jeste\u015bmy mi\u0119dzynarodowym, tw\u00f3rczym duetem, kt\u00f3ry pozna\u0142 si\u0119 przy pracy. Postanowi\u0142y\u015bmy po\u0142\u0105czy\u0107 si\u0142y i stworzy\u0107 Wet Spot &#8211; klimatyczn\u0105 pracowni\u0119 na ty\u0142ach Rynku Starego Miasta w Warszawie. Nasz sklep online jest jeszcze w budowie, ale ju\u017c teraz chcemy zaprosi\u0107 Ci\u0119 na brudzenie r\u0105k i rozmow\u0119 o wsp\u00f3lnych projektach.<\/p>\n<h5>Je\u015bli masz ochot\u0119 zrelaksowa\u0107 si\u0119 przy glinie i spr\u00f3bowa\u0107 czego\u015b nowego, znajdziesz u nas:<\/h5>\n<ul>\n<li>warsztaty ceramiczne dla doros\u0142ych i dzieci &#8211; aktualny grafik i cennik znajdziesz na naszym Instagramie w przypi\u0119tych postach<\/li>\n<li>warsztaty grupowe i indywidualne<\/li>\n<li>warsztaty na \u017cyczenie &#8211; w ramach spotka\u0144 integracyjnych i imprez okazjonalnych (urodziny, wieczory panie\u0144skie, kameralne rocznice, lokalne festiwale itp.)<\/li>\n<li>warsztaty wyjazdowe, warsztaty \u0142\u0105czone &#8211; je\u015bli masz ochot\u0119 stworzy\u0107 wsp\u00f3lnie program warsztat\u00f3w ceramicznych po\u0142\u0105czonych z innymi tw\u00f3rczymi zagadnieniami, daj zna\u0107!<\/li>\n<li>ceramiczny showroom &#8211; w naszej pracowni mo\u017cesz zobaczy\u0107 na \u017cywo i dotkn\u0105\u0107 naszych autorskich prac<\/li>\n<\/ul>\n<h5>Je\u015bli tworzysz swoj\u0105 ceramik\u0119, sprawd\u017a, jak mo\u017cemy Ci pom\u00f3c:<\/h5>\n<ul>\n<li>wypalamy ceramik\u0119 komercyjnie, r\u00f3wnie\u017c szybko terminowo<\/li>\n<li>udost\u0119pniamy przestrze\u0144 do pracy oraz pod twoje warsztaty<\/li>\n<li>oferujemy warsztaty doszkalaj\u0105ce, dostosowane pod Ciebie<\/li>\n<li>pomagamy w realizacji projekt\u00f3w &#8211; toczymy na zam\u00f3wienie, tworzymy proste formy gipsowe i biskwity na zam\u00f3wienie<\/li>\n<\/ul>\n<h5>Jeste\u015b artyst\u0105 lub przedsi\u0119biorc\u0105 z g\u0142ow\u0105 pe\u0142n\u0105 pomys\u0142\u00f3w? Sp\u00f3jrz, co mo\u017cemy dla Ciebie zrobi\u0107:<\/h5>\n<ul>\n<li>wsp\u00f3\u0142tworzymy i realizujemy kolekcje ceramiki wg twojego pomys\u0142u<\/li>\n<li>udost\u0119pniamy przestrze\u0144 pod warsztaty z wielu r\u00f3\u017cnych dziedzin<\/li>\n<\/ul>\n<h4>czekamy na twoj\u0105 wiadomo\u015b\u0107!<\/h4>\n<h4>\ud83d\udce9 Instagram lub e-mail: info@wetspotceramics.pl<\/h4>\t\t\t\t\t\t\t\t<\/div>\n\t\t\t\t<\/div>\n\t\t\t\t<div class=\"elementor-element elementor-element-01309da elementor-widget elementor-widget-text-editor\" data-id=\"01309da\" data-element_type=\"widget\" data-e-type=\"widget\" data-widget_type=\"text-editor.default\">\n\t\t\t\t<div class=\"elementor-widget-container\">\n\t\t\t\t\t\t\t\t\t<p>M\u00d3WIMY PO POLSKU &#8211;\u00a0\u041c\u042b \u0413\u041e\u0412\u041e\u0420\u0418\u041c \u041f\u041e \u0420\u0423\u0421\u0421\u041a\u0418 &#8211; WE SPEAK ENGLISH<\/p>\t\t\t\t\t\t\t\t<\/div>\n\t\t\t\t<\/div>\n\t\t<div class=\"elementor-element elementor-element-undefined-53a41e9 e-grid e-con-boxed e-con e-child\" data-id=\"undefined-53a41e9\" data-element_type=\"container\" data-e-type=\"container\">\n\t\t\t\t\t<div class=\"e-con-inner\">\n\t\t\t\t<div class=\"elementor-element elementor-element-undefined-55fcc59 elementor-widget elementor-widget-icon-box\" data-id=\"undefined-55fcc59\" data-element_type=\"widget\" data-e-type=\"widget\" data-widget_type=\"icon-box.default\">\n\t\t\t\t<div class=\"elementor-widget-container\">\n\t\t\t\t\t\t\t<div class=\"elementor-icon-box-wrapper\">\n\n\t\t\t\n\t\t\t\t\t\t<div class=\"elementor-icon-box-content\">\n\n\t\t\t\t\t\t\t\t\t<h3 class=\"elementor-icon-box-title\">\n\t\t\t\t\t\t<span  >\n\t\t\t\t\t\t\tNapisz do nas\t\t\t\t\t\t<\/span>\n\t\t\t\t\t<\/h3>\n\t\t\t\t\n\t\t\t\t\t\t\t\t\t<p class=\"elementor-icon-box-description\">\n\t\t\t\t\t\t<a href=\"mailto:info@wetspotceramics.pl\u200b\">info@wetspotceramics.pl<\/a>\t\t\t\t\t<\/p>\n\t\t\t\t\n\t\t\t<\/div>\n\t\t\t\n\t\t<\/div>\n\t\t\t\t\t\t<\/div>\n\t\t\t\t<\/div>\n\t\t\t\t<div class=\"elementor-element elementor-element-ac257d8 elementor-widget elementor-widget-icon-box\" data-id=\"ac257d8\" data-element_type=\"widget\" data-e-type=\"widget\" data-widget_type=\"icon-box.default\">\n\t\t\t\t<div class=\"elementor-widget-container\">\n\t\t\t\t\t\t\t<div class=\"elementor-icon-box-wrapper\">\n\n\t\t\t\n\t\t\t\t\t\t<div class=\"elementor-icon-box-content\">\n\n\t\t\t\t\t\t\t\t\t<h3 class=\"elementor-icon-box-title\">\n\t\t\t\t\t\t<span  >\n\t\t\t\t\t\t\tAdres\t\t\t\t\t\t<\/span>\n\t\t\t\t\t<\/h3>\n\t\t\t\t\n\t\t\t\t\t\t\t\t\t<p class=\"elementor-icon-box-description\">\n\t\t\t\t\t\tul. Brzozowa 27\/29<br>00-286 Warszawa\t\t\t\t\t<\/p>\n\t\t\t\t\n\t\t\t<\/div>\n\t\t\t\n\t\t<\/div>\n\t\t\t\t\t\t<\/div>\n\t\t\t\t<\/div>\n\t\t\t\t\t<\/div>\n\t\t\t\t<\/div>\n\t\t\t\t<\/div>\n\t\t<div class=\"elementor-element elementor-element-731fe944 e-grid e-con-full e-con e-parent\" data-id=\"731fe944\" data-element_type=\"container\" data-e-type=\"container\">\n\t\t<div class=\"elementor-element elementor-element-undefined-dd173d0 e-con-full e-flex e-con e-child\" data-id=\"undefined-dd173d0\" data-element_type=\"container\" data-e-type=\"container\">\n\t\t\t\t<div class=\"elementor-element elementor-element-5e336c6 elementor-widget-tablet__width-initial elementor-widget elementor-widget-google_maps\" data-id=\"5e336c6\" data-element_type=\"widget\" data-e-type=\"widget\" data-widget_type=\"google_maps.default\">\n\t\t\t\t<div class=\"elementor-widget-container\">\n\t\t\t\t\t\t\t<div class=\"elementor-custom-embed\">\n\t\t\t<iframe loading=\"lazy\"\n\t\t\t\t\tsrc=\"https:\/\/maps.google.com\/maps?q=Wetspot%20ceramics%2C%20brzozowa%2027%2F29%20warszawa&#038;t=m&#038;z=15&#038;output=embed&#038;iwloc=near\"\n\t\t\t\t\ttitle=\"Wetspot ceramics, brzozowa 27\/29 warszawa\"\n\t\t\t\t\taria-label=\"Wetspot ceramics, brzozowa 27\/29 warszawa\"\n\t\t\t><\/iframe>\n\t\t<\/div>\n\t\t\t\t\t\t<\/div>\n\t\t\t\t<\/div>\n\t\t\t\t<\/div>\n\t\t\t\t<\/div>\n\t\t<div class=\"elementor-element elementor-element-cca8173 e-flex e-con-boxed e-con e-parent\" data-id=\"cca8173\" data-element_type=\"container\" data-e-type=\"container\">\n\t\t\t\t\t<div class=\"e-con-inner\">\n\t\t\t\t<div class=\"elementor-element elementor-element-c785ca9 elementor-widget elementor-widget-html\" data-id=\"c785ca9\" data-element_type=\"widget\" data-e-type=\"widget\" data-widget_type=\"html.default\">\n\t\t\t\t<div class=\"elementor-widget-container\">\n\t\t\t\t\t<script src=\"https:\/\/static.elfsight.com\/platform\/platform.js\" async><\/script>\n<div class=\"elfsight-app-46752904-6684-40cb-82b8-720f3ac6b9d5\" data-elfsight-app-lazy><\/div>\t\t\t\t<\/div>\n\t\t\t\t<\/div>\n\t\t\t\t\t<\/div>\n\t\t\t\t<\/div>\n\t\t<div class=\"elementor-element elementor-element-ba14eac e-grid e-con-full e-con e-parent\" data-id=\"ba14eac\" data-element_type=\"container\" data-e-type=\"container\">\n\t\t<div class=\"elementor-element elementor-element-47b561a e-con-full e-grid e-con e-child\" data-id=\"47b561a\" data-element_type=\"container\" data-e-type=\"container\">\n\t\t\t\t<div class=\"elementor-element elementor-element-78ceb62 elementor-align-justify elementor-widget elementor-widget-button\" data-id=\"78ceb62\" data-element_type=\"widget\" data-e-type=\"widget\" data-widget_type=\"button.default\">\n\t\t\t\t<div class=\"elementor-widget-container\">\n\t\t\t\t\t\t\t\t\t<div class=\"elementor-button-wrapper\">\n\t\t\t\t\t<a class=\"elementor-button elementor-button-link elementor-size-sm\" href=\"http:\/\/wetspotceramics.pl\/?page_id=3\" rel=\"nofollow\">\n\t\t\t\t\t\t<span class=\"elementor-button-content-wrapper\">\n\t\t\t\t\t\t\t\t\t<span class=\"elementor-button-text\">Polityka Prywatno\u015bci<\/span>\n\t\t\t\t\t<\/span>\n\t\t\t\t\t<\/a>\n\t\t\t\t<\/div>\n\t\t\t\t\t\t\t\t<\/div>\n\t\t\t\t<\/div>\n\t\t\t\t<\/div>\n\t\t<div class=\"elementor-element elementor-element-4667b57 e-con-full e-grid e-con e-child\" data-id=\"4667b57\" data-element_type=\"container\" data-e-type=\"container\">\n\t\t\t\t<div class=\"elementor-element elementor-element-c8c14d9 elementor-align-justify elementor-widget elementor-widget-button\" data-id=\"c8c14d9\" data-element_type=\"widget\" data-e-type=\"widget\" data-widget_type=\"button.default\">\n\t\t\t\t<div class=\"elementor-widget-container\">\n\t\t\t\t\t\t\t\t\t<div class=\"elementor-button-wrapper\">\n\t\t\t\t\t<a class=\"elementor-button elementor-button-link elementor-size-sm\" href=\"http:\/\/wetspotceramics.pl\/?page_id=182\">\n\t\t\t\t\t\t<span class=\"elementor-button-content-wrapper\">\n\t\t\t\t\t\t\t\t\t<span class=\"elementor-button-text\">Regulamin Warsztat\u00f3w<\/span>\n\t\t\t\t\t<\/span>\n\t\t\t\t\t<\/a>\n\t\t\t\t<\/div>\n\t\t\t\t\t\t\t\t<\/div>\n\t\t\t\t<\/div>\n\t\t\t\t<\/div>\n\t\t\t\t<div class=\"elementor-element elementor-element-da53327 elementor-align-justify elementor-widget elementor-widget-button\" data-id=\"da53327\" data-element_type=\"widget\" data-e-type=\"widget\" data-widget_type=\"button.default\">\n\t\t\t\t<div class=\"elementor-widget-container\">\n\t\t\t\t\t\t\t\t\t<div class=\"elementor-button-wrapper\">\n\t\t\t\t\t<a class=\"elementor-button elementor-button-link elementor-size-sm\" href=\"http:\/\/wetspotceramics.pl\/?page_id=180\">\n\t\t\t\t\t\t<span class=\"elementor-button-content-wrapper\">\n\t\t\t\t\t\t\t\t\t<span class=\"elementor-button-text\">Regulamin Sklepu Online<\/span>\n\t\t\t\t\t<\/span>\n\t\t\t\t\t<\/a>\n\t\t\t\t<\/div>\n\t\t\t\t\t\t\t\t<\/div>\n\t\t\t\t<\/div>\n\t\t\t\t<\/div>\n\t\t\t\t<\/div>\n\t\t","protected":false},"excerpt":{"rendered":"<p>pracownia ceramiczna na Starym Mie\u015bcie w Warszawie warsztaty ceramiczne | sklep z ceramik\u0105 | wypa\u0142y komercyjne | przestrze\u0144 kreatywna Hej! Tu Ewa @ekceramic i Nastiia @home_ceramic_ua! Jeste\u015bmy mi\u0119dzynarodowym, tw\u00f3rczym duetem, [&hellip;]<\/p>\n","protected":false},"author":1,"featured_media":0,"parent":0,"menu_order":0,"comment_status":"closed","ping_status":"closed","template":"","meta":{"footnotes":""},"class_list":["post-2","page","type-page","status-publish","hentry"],"_links":{"self":[{"href":"https:\/\/wetspotceramics.pl\/index.php?rest_route=\/wp\/v2\/pages\/2","targetHints":{"allow":["GET"]}}],"collection":[{"href":"https:\/\/wetspotceramics.pl\/index.php?rest_route=\/wp\/v2\/pages"}],"about":[{"href":"https:\/\/wetspotceramics.pl\/index.php?rest_route=\/wp\/v2\/types\/page"}],"author":[{"embeddable":true,"href":"https:\/\/wetspotceramics.pl\/index.php?rest_route=\/wp\/v2\/users\/1"}],"replies":[{"embeddable":true,"href":"https:\/\/wetspotceramics.pl\/index.php?rest_route=%2Fwp%2Fv2%2Fcomments&post=2"}],"version-history":[{"count":77,"href":"https:\/\/wetspotceramics.pl\/index.php?rest_route=\/wp\/v2\/pages\/2\/revisions"}],"predecessor-version":[{"id":191,"href":"https:\/\/wetspotceramics.pl\/index.php?rest_route=\/wp\/v2\/pages\/2\/revisions\/191"}],"wp:attachment":[{"href":"https:\/\/wetspotceramics.pl\/index.php?rest_route=%2Fwp%2Fv2%2Fmedia&parent=2"}],"curies":[{"name":"wp","href":"https:\/\/api.w.org\/{rel}","templated":true}]}}