{"id":182,"date":"2025-08-15T13:40:52","date_gmt":"2025-08-15T13:40:52","guid":{"rendered":"http:\/\/wetspotceramics.pl\/?page_id=182"},"modified":"2025-08-15T13:53:31","modified_gmt":"2025-08-15T13:53:31","slug":"regulamin-warsztatow-wet-spot-ceramics","status":"publish","type":"page","link":"http:\/\/wetspotceramics.pl\/?page_id=182","title":{"rendered":"Regulamin Warsztat\u00f3w \u2013 Wet Spot Ceramics"},"content":{"rendered":"\t\t<div data-elementor-type=\"wp-page\" data-elementor-id=\"182\" class=\"elementor elementor-182\">\n\t\t\t\t<div class=\"elementor-element elementor-element-7b65552b e-flex e-con-boxed e-con e-parent\" data-id=\"7b65552b\" data-element_type=\"container\" data-e-type=\"container\">\n\t\t\t\t\t<div class=\"e-con-inner\">\n\t\t\t\t<div class=\"elementor-element elementor-element-29fb9651 elementor-widget elementor-widget-text-editor\" data-id=\"29fb9651\" data-element_type=\"widget\" data-e-type=\"widget\" data-widget_type=\"text-editor.default\">\n\t\t\t\t<div class=\"elementor-widget-container\">\n\t\t\t\t\t\t\t\t\t\n<h1 class=\"wp-block-heading\">Regulamin Warsztat\u00f3w \u2013 Wet Spot Ceramics<\/h1>\n\n<h2 class=\"wp-block-heading\">1. Informacje og\u00f3lne<\/h2>\n\n<p>Uczestnicy deklaruj\u0105cy ch\u0119\u0107 uczestnictwa w zaj\u0119ciach artystycznych organizowanych przez pracowni\u0119 ceramiki Wet Spot Ceramics, prowadzon\u0105 w ramach dzia\u0142alno\u015bci gospodarczej Ekceramic Ewa Staszek z siedzib\u0105 przy ul. Brzozowa 27\/29, 00-258 Warszawa zobowi\u0105zani s\u0105 do zapoznania si\u0119 z Regulaminem i przestrzegania jego postanowie\u0144.<\/p>\n<hr class=\"wp-block-separator has-alpha-channel-opacity\" \/>\n<h2 class=\"wp-block-heading\">2. Definicje<\/h2>\n\n<p>U\u017cyte w regulaminie poj\u0119cia oznaczaj\u0105:<\/p>\n\n<ul class=\"wp-block-list\">\n<li><strong>Organizator<\/strong> \u2013 pracownia ceramiki Wet Spot Ceramics, reprezentowana przez Ew\u0119 Staszek, prowadz\u0105c\u0105 dzia\u0142alno\u015b\u0107 gospodarcz\u0105 Ekceramic Ewa Staszek z siedzib\u0105 przy ul. Brzozowa 27\/29, 00-258 Warszawa, NIP: 5243022375, REGON: 540139406, e-mail: info@wetspotceramics.pl<\/li>\n\n<li><strong>Uczestnik<\/strong> \u2013\n<ul class=\"wp-block-list\">\n<li>Osoba fizyczna, b\u0119d\u0105ca osob\u0105 pe\u0142noletni\u0105 dokonuj\u0105c\u0105 rezerwacji lub opiekunem prawnym osoby niepe\u0142noletniej, w celu uczestnictwa w zaj\u0119ciach w Wet Spot Ceramics<\/li>\n\n<li>Osoba niepe\u0142noletnia, uczestnicz\u0105ca w zaj\u0119ciach w Wet Spot Ceramics za zgod\u0105 Opiekuna Prawnego po wcze\u015bniejszym dokonaniu rezerwacji przez opiekuna prawnego.<\/li>\n<\/ul>\n<\/li>\n\n<li><strong>Opiekun prawny<\/strong> \u2013 osoba fizyczna b\u0119d\u0105ca ustawowym przedstawicielem niepe\u0142noletniego uczestnika, kt\u00f3ra dokonuje rezerwacji na zaj\u0119cia w jego imieniu.<\/li>\n\n<li><strong>Zaj\u0119cia<\/strong> \u2013 okre\u015blony w grafiku czas kreowany w formie warsztat\u00f3w organizowanych przez pracowni\u0119 ceramiki Wet Spot Ceramics w Warszawie lub w innych wyznaczonych przez Organizatora miejscach.<\/li>\n\n<li><strong>P\u0142atno\u015b\u0107<\/strong> \u2013 forma p\u0142atno\u015bci za zaj\u0119cia w okre\u015blonych w grafiku kwotach oraz wyznaczonych terminach.<\/li>\n\n<li><strong>Voucher<\/strong> \u2013 bon warto\u015bciowy uprawniaj\u0105cy do skorzystania z zaj\u0119\u0107 w Wet Spot Ceramics, wydawany w formie papierowej b\u0105d\u017a elektronicznej.<\/li>\n\n<li><strong>Grafik<\/strong> \u2013 plan zaj\u0119\u0107, warsztat\u00f3w, kurs\u00f3w oraz event\u00f3w z podzia\u0142em na dni tygodnia, umieszczony w kalendarzu dost\u0119pnym na koncie Instagramowym Wet Spot Ceramics.<\/li>\n\n<li><strong>Prowadz\u0105cy<\/strong> \u2013 osoba fizyczna posiadaj\u0105ca odpowiednie kwalifikacje oraz do\u015bwiadczenie.<\/li>\n<\/ul>\n<hr class=\"wp-block-separator has-alpha-channel-opacity\" \/>\n<h2 class=\"wp-block-heading\">3. Postanowienia og\u00f3lne, metody p\u0142atno\u015bci<\/h2>\n\n<p>Warunkiem uczestnictwa w zaj\u0119ciach jest dokonanie p\u0142atno\u015bci w terminie od 5 dni od daty zapisu do momentu przed rozpocz\u0119ciem zaj\u0119\u0107. Organizator zastrzega sobie prawo do odwo\u0142ania rezerwacji w razie nieop\u0142acenia Zaj\u0119\u0107.<\/p>\n\n<p>P\u0142atno\u015bci za Zaj\u0119cia mo\u017ce dokona\u0107 Uczestnik na dwa sposoby:<\/p>\n\n<ol class=\"wp-block-list\">\n<li>Przelewem tradycyjnym na dane:<br \/>Ekceramic Ewa Staszek,<br \/>ul. Brzozowa 27\/29, 00-258 Warszawa,<br \/>numer konta Santander 93 1090 2590 0000 0001 6069 8902<br \/>W tytule umieszczaj\u0105c:<\/li>\n<\/ol>\n\n<ul class=\"wp-block-list\">\n<li>imi\u0119 i nazwisko osoby rezerwuj\u0105cej<\/li>\n\n<li>informacj\u0119 o wybranej dacie warsztat\u00f3w.<\/li>\n<\/ul>\n\n<ol class=\"wp-block-list\">\n<li>Got\u00f3wk\u0105, b\u0105d\u017a kart\u0105 w siedzibie firmy w Warszawie.<\/li>\n<\/ol>\n<hr class=\"wp-block-separator has-alpha-channel-opacity\" \/>\n<h2 class=\"wp-block-heading\">4. Uczestnictwo w zaj\u0119ciach<\/h2>\n\n<ul class=\"wp-block-list\">\n<li>Wet Spot Ceramics zobowi\u0105zuje si\u0119 do prowadzenia wcze\u015bniej um\u00f3wionych z Uczestnikiem zaj\u0119\u0107 w um\u00f3wionym terminie.<\/li>\n\n<li>Uczestnikami zaj\u0119\u0107 mog\u0105 by\u0107 wy\u0142\u0105cznie osoby, kt\u00f3re ui\u015bci\u0142y op\u0142at\u0119 za zaj\u0119cia.<\/li>\n\n<li>Organizator daje mo\u017cliwo\u015b\u0107 przeniesienia Zaj\u0119\u0107, po uprzednim jej zg\u0142oszeniu najp\u00f3\u017aniej 48 godzin przed rozpocz\u0119ciem zaj\u0119\u0107.<\/li>\n\n<li>W przypadku zg\u0142oszenia nieobecno\u015bci uczestnik ma mo\u017cliwo\u015b\u0107 przeniesienia terminu zaj\u0119\u0107 w inny ustalony z Organizatorem termin. Termin nale\u017cy wybra\u0107 z dost\u0119pnych termin\u00f3w w grafiku, og\u0142oszonych na platformie Instagram lub na stronie https:\/\/wetspotceramics.pl.<\/li>\n\n<li>Zaj\u0119cia mog\u0105 zosta\u0107 przeniesione maksymalnie na miesi\u0105c nast\u0119puj\u0105cy po terminie zg\u0142oszenia nieobecno\u015bci.<\/li>\n\n<li>W przypadku braku zg\u0142oszenia nieobecno\u015bci b\u0105d\u017a zg\u0142oszenia jej p\u00f3\u017aniej ni\u017c 24 godzin przed rozpocz\u0119ciem zaj\u0119\u0107, Uczestnik traci prawo do przeniesienia zaj\u0119\u0107.<\/li>\n\n<li>Uczestnikowi przys\u0142uguje prawo do rezygnacji z zaj\u0119\u0107. Rezygnacja powinna zosta\u0107 z\u0142o\u017cona do 48h przed rozpocz\u0119ciem zaj\u0119\u0107 za po\u015brednictwem poczty elektronicznej (na adres: info@wetspotceramics.pl).<\/li>\n\n<li>W przypadku rezygnacji uczestnika wp\u0142acony zadatek nie podlega zwrotowi.<\/li>\n<\/ul>\n<hr class=\"wp-block-separator has-alpha-channel-opacity\" \/>\n<h2 class=\"wp-block-heading\">5. Uczestnicy, zaj\u0119cia, prace<\/h2>\n\n<ul class=\"wp-block-list\">\n<li>Wszystkie zaj\u0119cia odbywaj\u0105 si\u0119 pod sta\u0142ym nadzorem instruktor\u00f3w oraz pracownik\u00f3w Organizatora.<\/li>\n\n<li>Uczestnicy maj\u0105 prawo do spokojnego i bezpiecznego udzia\u0142u w zaj\u0119ciach oraz wnoszenia pr\u00f3\u015bb i skarg do prowadz\u0105cego zaj\u0119cia.<\/li>\n\n<li>Uczestnicy maj\u0105 obowi\u0105zek przestrzega\u0107 niniejszego regulaminu, zasad BHP i ppo\u017c., a w razie dostrze\u017cenia sytuacji stwarzaj\u0105cej zagro\u017cenie dla \u017cycia i zdrowia innych, informowa\u0107 instruktor\u00f3w lub pracownik\u00f3w Organizatora.<\/li>\n\n<li>Organizator nie ponosi odpowiedzialno\u015bci za rzeczy zagubione przez uczestnik\u00f3w w czasie zaj\u0119\u0107 oraz za zniszczenia rzeczy nale\u017c\u0105cych do uczestnik\u00f3w dokonanych przez innych uczestnik\u00f3w.<\/li>\n\n<li>W przypadku uczestnik\u00f3w niepe\u0142noletnich pe\u0142n\u0105 odpowiedzialno\u015b\u0107 za rzeczy zagubione oraz zniszczenia ponosi opiekun prawny.<\/li>\n\n<li>Po uko\u0144czonych zaj\u0119ciach nieletni uczestnik ma prawo do samodzielnego wyj\u015bcia wy\u0142\u0105cznie za zgod\u0105 rodzica lub opiekuna prawnego, wyra\u017con\u0105 drog\u0105 mailow\u0105 na adres info@wetspotceramics.pl. W przypadku braku takiej zgody, uczestnika musi odebra\u0107 rodzic\/opiekun prawny lub osoba przez niego wskazana, po wcze\u015bniejszym przes\u0142aniu drog\u0105 mailow\u0105 pisemnej zgody na odbi\u00f3r nieletniego przez osob\u0119 trzeci\u0105.<\/li>\n\n<li>Wszystkie prace wykonane podczas trwania zaj\u0119\u0107 s\u0105 w\u0142asno\u015bci\u0105 zar\u00f3wno materialn\u0105 jak i intelektualn\u0105 uczestnik\u00f3w.<\/li>\n\n<li>Organizator zobowi\u0105zuje si\u0119 przechowywa\u0107 prace Uczestnik\u00f3w przez okres 90 dni od daty warsztat\u00f3w. Po up\u0142ywie tego terminu Uczestnik upowa\u017cnia Organizatora do dysponowania pozostawionymi egzemplarzami prac wed\u0142ug w\u0142asnego uznania, w tym do ich utylizacji, nieodp\u0142atnego przekazania na cele charytatywne albo zatrzymania do u\u017cytku w\u0142asnego.<\/li>\n<\/ul>\n<hr class=\"wp-block-separator has-alpha-channel-opacity\" \/>\n<h2 class=\"wp-block-heading\">6. Prawo do odwo\u0142ania zaj\u0119\u0107<\/h2>\n\n<p>Organizator zastrzega sobie prawo do odwo\u0142ania zaj\u0119\u0107:<\/p>\n\n<ul class=\"wp-block-list\">\n<li>z przyczyn losowych (np. choroba prowadz\u0105cego),<\/li>\n\n<li>w przypadku zapisu niewystarczaj\u0105cej liczby uczestnik\u00f3w.<\/li>\n<\/ul>\n\n<p>W przypadku odwo\u0142ania zaj\u0119\u0107 przez Organizatora, wp\u0142acone \u015brodki automatycznie zostaj\u0105 zaliczone na poczet kolejnych zaj\u0119\u0107, kt\u00f3rych termin zostanie ustalony indywidualnie z uczestnikiem.<\/p>\n<hr class=\"wp-block-separator has-alpha-channel-opacity\" \/>\n<h2 class=\"wp-block-heading\">7. Umowa i prawo do odst\u0105pienia<\/h2>\n\n<ul class=\"wp-block-list\">\n<li>Uczestnik lub jego Opiekun Prawny, zawieraj\u0105c z firm\u0105 Ekceramic Ewa Staszek umow\u0119 cywilnoprawn\u0105 dotycz\u0105c\u0105 uczestnictwa w Zaj\u0119ciach, akceptuje niniejszy regulamin w ca\u0142o\u015bci. W sprawach nieuregulowanych w regulaminie zastosowanie maj\u0105 odpowiednie przepisy Kodeksu cywilnego.<\/li>\n\n<li>Uczestnikowi przys\u0142uguje prawo do odst\u0105pienia od umowy stanowi\u0105cego odst\u0105pienie od rezerwacji zawartej poza siedzib\u0105 Organizatora w terminie 14 dni poprzez przes\u0142anie wiadomo\u015bci mailowej na adres mailowy: info@wetspotceramics.pl.<\/li>\n\n<li>W przypadku odst\u0105pienia od umowy, Organizator zobowi\u0105zuje si\u0119 do zwrotu ca\u0142o\u015bci wp\u0142aconej kwoty za zaj\u0119cia, w terminie do 7 dni roboczych.<\/li>\n\n<li>Zwrot ca\u0142o\u015bci wp\u0142aconej kwoty przys\u0142uguje uczestnikowi tylko w przypadku, gdy odst\u0105pienie od umowy zosta\u0142o zg\u0142oszone najp\u00f3\u017aniej 48 godzin przed rozpocz\u0119ciem zaj\u0119\u0107.<\/li>\n<\/ul>\n<hr class=\"wp-block-separator has-alpha-channel-opacity\" \/>\n<h2 class=\"wp-block-heading\">8. Prawo do reklamacji us\u0142ug<\/h2>\n\n<ul class=\"wp-block-list\">\n<li>Uczestnik ma prawo oczekiwa\u0107, \u017ce podczas zaj\u0119\u0107 zostan\u0105 spe\u0142nione za\u0142o\u017cone cele kursu\/warsztatu oraz zostan\u0105 zapewnione odpowiednie warunki pracy.<\/li>\n\n<li>Uczestnik ma prawo oczekiwa\u0107, \u017ce prowadz\u0105cy kurs lub warsztat b\u0119dzie posiada\u0142 wiedz\u0119 merytoryczn\u0105 dotycz\u0105c\u0105 zagadnie\u0144 zapisanych w programie poszczeg\u00f3lnych zaj\u0119\u0107.<\/li>\n\n<li>Prowadz\u0105cy kurs lub warsztat przeprowadzi zaj\u0119cia w spos\u00f3b profesjonalny zgodnie ze specyfik\u0105 kszta\u0142cenia os\u00f3b doros\u0142ych, m\u0142odzie\u017cy i dzieci.<\/li>\n\n<li>Od uczestnik\u00f3w oczekuje si\u0119 pe\u0142nego zaanga\u017cowania w proces kszta\u0142cenia podczas zaj\u0119\u0107 oraz aktywnego udzia\u0142u.<\/li>\n\n<li>Uczestnik zaj\u0119\u0107 ma prawo do sk\u0142adania reklamacji zgodnie z w\u0142a\u015bciwymi przepisami Kodeksu cywilnego. Reklamacj\u0119 nale\u017cy sk\u0142ada\u0107 Organizatorowi pisemnie lub osobi\u015bcie, telefonicznie lub za po\u015brednictwem poczty elektronicznej.<\/li>\n\n<li>Reklamacj\u0119 mo\u017cna z\u0142o\u017cy\u0107 najp\u00f3\u017aniej w ci\u0105gu 7 dni kalendarzowych licz\u0105c od dnia zako\u0144czenia zaj\u0119\u0107.<\/li>\n\n<li>Organizator zastrzega sobie prawo do pozostawienia reklamacji bez rozpatrzenia, w przypadku, gdy zosta\u0142a ona z\u0142o\u017cona po up\u0142yni\u0119ciu 7 dni kalendarzowych od daty zako\u0144czenia zaj\u0119\u0107.<\/li>\n\n<li>Organizator rozpatrzy reklamacj\u0119 i zawiadomi uczestnika o sposobie jej za\u0142atwienia nie p\u00f3\u017aniej ni\u017c w terminie 14 dni od daty jej otrzymania. W przypadkach wymagaj\u0105cych dodatkowych czynno\u015bci wyja\u015bniaj\u0105cych czas rozpatrywania reklamacji mo\u017ce ulec wyd\u0142u\u017ceniu maksymalnie do 21 dni.<\/li>\n\n<li>Organizator ma prawo zwr\u00f3ci\u0107 si\u0119 do uczestnika sk\u0142adaj\u0105cego reklamacj\u0119 o dodatkowe pisemne wyja\u015bnienie.<\/li>\n\n<li>Odpowied\u017a na reklamacj\u0119 organizator przeka\u017ce na papierze lub innym trwa\u0142ym no\u015bniku.<\/li>\n\n<li>Organizator zastrzega sobie prawo do braku odpowiedzi na z\u0142o\u017con\u0105 reklamacj\u0119 w przypadku, gdy b\u0119dzie niezrozumia\u0142a lub gdy b\u0119dzie zaprzecza\u0142a zapisom zawartym w niniejszym regulaminie.<\/li>\n\n<li>W przypadku uznania reklamacji przez organizatora uczestnik otrzyma zwrot niewykorzystanej kwoty na wskazane przez niego konto bankowe w terminie 5 dni od daty uznania reklamacji.<\/li>\n\n<li>Wet Spot Ceramics nie udziela gwarancji na zaj\u0119cia w rozumieniu Kodeksu cywilnego.<\/li>\n<\/ul>\n<hr class=\"wp-block-separator has-alpha-channel-opacity\" \/>\n<h2 class=\"wp-block-heading\">9. \u015awiadczenie us\u0142ug drog\u0105 elektroniczn\u0105<\/h2>\n\n<p>W celu prawid\u0142owego korzystania ze strony i innych oferowanych przez Us\u0142ugodawc\u0119 us\u0142ug konieczne jest spe\u0142nienie nast\u0119puj\u0105cych warunk\u00f3w technicznych:<\/p>\n\n<ul class=\"wp-block-list\">\n<li>posiadanie dost\u0119pu do sieci Internet,<\/li>\n\n<li>posiadanie przegl\u0105darki internetowej umo\u017cliwiaj\u0105cej korzystanie z panelu rezerwacji,<\/li>\n\n<li>posiadanie aktywnego konta e-mail.<\/li>\n<\/ul>\n\n<p>Us\u0142ugodawca nie gwarantuje niezak\u0142\u00f3conego i wolnego od b\u0142\u0119d\u00f3w dost\u0119pu do strony.<br \/>W szczeg\u00f3lno\u015bci dost\u0119p do strony mo\u017ce zosta\u0107 ograniczony w zwi\u0105zku z konieczno\u015bci\u0105 przeprowadzenia jej napraw, konserwacji oraz nowych rozwi\u0105za\u0144.<\/p>\n<hr class=\"wp-block-separator has-alpha-channel-opacity\" \/>\n<h2 class=\"wp-block-heading\">10. Postanowienia ko\u0144cowe<\/h2>\n\n<ul class=\"wp-block-list\">\n<li>Uczestnik, przyst\u0119puj\u0105c do korzystania z us\u0142ug Organizatora potwierdza zapoznanie si\u0119 z niniejszym Regulaminem i zobowi\u0105zuje si\u0119 do jego przestrzegania.<\/li>\n\n<li>Dokonanie rezerwacji jest r\u00f3wnoznaczne ze zgod\u0105 na przetwarzanie danych osobowych.<br \/><strong>Podstawa prawna:<\/strong> Ustawa o ochronie danych osobowych (tekst jednolity Dz.U. z 2002 roku nr 101. poz 926 ze zm.), Ustawa o prawie autorskim i prawach pokrewnych (tekst jednolity Dz.U. z 2006 roku nr 90, poz 621 ze zm.).<\/li>\n\n<li>Administratorem danych osobowych jest Ekceramic Ewa Staszek, NIP:5243022375, REGON: 540139406.<\/li>\n\n<li>Rozliczenia transakcji kart\u0105 i e-przelewem przeprowadzane s\u0105 za po\u015brednictwem Elavon.pl.<\/li>\n\n<li>Organizator zastrzega sobie prawo do zmiany niniejszego Regulaminu. Zmieniony Regulamin b\u0119dzie dost\u0119pny na stronie internetowej: http:\/\/wetspotceramics.pl\/regulamin-warsztatow.<\/li>\n<\/ul>\n\t\t\t\t\t\t\t\t<\/div>\n\t\t\t\t<\/div>\n\t\t\t\t\t<\/div>\n\t\t\t\t<\/div>\n\t\t\t\t<\/div>\n\t\t","protected":false},"excerpt":{"rendered":"<p>Regulamin Warsztat\u00f3w \u2013 Wet Spot Ceramics 1. Informacje og\u00f3lne Uczestnicy deklaruj\u0105cy ch\u0119\u0107 uczestnictwa w zaj\u0119ciach artystycznych organizowanych przez pracowni\u0119 ceramiki Wet Spot Ceramics, prowadzon\u0105 w ramach dzia\u0142alno\u015bci gospodarczej Ekceramic Ewa [&hellip;]<\/p>\n","protected":false},"author":1,"featured_media":0,"parent":0,"menu_order":0,"comment_status":"closed","ping_status":"closed","template":"","meta":{"footnotes":""},"class_list":["post-182","page","type-page","status-publish","hentry"],"_links":{"self":[{"href":"http:\/\/wetspotceramics.pl\/index.php?rest_route=\/wp\/v2\/pages\/182","targetHints":{"allow":["GET"]}}],"collection":[{"href":"http:\/\/wetspotceramics.pl\/index.php?rest_route=\/wp\/v2\/pages"}],"about":[{"href":"http:\/\/wetspotceramics.pl\/index.php?rest_route=\/wp\/v2\/types\/page"}],"author":[{"embeddable":true,"href":"http:\/\/wetspotceramics.pl\/index.php?rest_route=\/wp\/v2\/users\/1"}],"replies":[{"embeddable":true,"href":"http:\/\/wetspotceramics.pl\/index.php?rest_route=%2Fwp%2Fv2%2Fcomments&post=182"}],"version-history":[{"count":5,"href":"http:\/\/wetspotceramics.pl\/index.php?rest_route=\/wp\/v2\/pages\/182\/revisions"}],"predecessor-version":[{"id":194,"href":"http:\/\/wetspotceramics.pl\/index.php?rest_route=\/wp\/v2\/pages\/182\/revisions\/194"}],"wp:attachment":[{"href":"http:\/\/wetspotceramics.pl\/index.php?rest_route=%2Fwp%2Fv2%2Fmedia&parent=182"}],"curies":[{"name":"wp","href":"https:\/\/api.w.org\/{rel}","templated":true}]}}